{"id":202,"date":"2020-07-06T15:04:59","date_gmt":"2020-07-06T13:04:59","guid":{"rendered":"https:\/\/philaexpertise.de\/?page_id=202"},"modified":"2022-07-13T11:10:34","modified_gmt":"2022-07-13T09:10:34","slug":"sammlershop","status":"publish","type":"page","link":"https:\/\/philaexpertise.de\/en\/sammlershop\/","title":{"rendered":"Collector shop"},"content":{"rendered":"<figure class=\"wp-block-image alignfull size-full wegmo\"><img loading=\"lazy\" width=\"1920\" height=\"400\" src=\"https:\/\/philaexpertise.de\/wp-content\/uploads\/2022\/07\/Teasereng-20220713-093137.png\" alt=\"sammlershop24 briefmarken m\u00fcnzen\" class=\"wp-image-902\" srcset=\"https:\/\/philaexpertise.de\/wp-content\/uploads\/2022\/07\/Teasereng-20220713-093137.png 1920w, https:\/\/philaexpertise.de\/wp-content\/uploads\/2022\/07\/Teasereng-20220713-093137-300x63.png 300w, https:\/\/philaexpertise.de\/wp-content\/uploads\/2022\/07\/Teasereng-20220713-093137-1024x213.png 1024w, https:\/\/philaexpertise.de\/wp-content\/uploads\/2022\/07\/Teasereng-20220713-093137-768x160.png 768w, https:\/\/philaexpertise.de\/wp-content\/uploads\/2022\/07\/Teasereng-20220713-093137-1536x320.png 1536w, https:\/\/philaexpertise.de\/wp-content\/uploads\/2022\/07\/Teasereng-20220713-093137-18x4.png 18w, https:\/\/philaexpertise.de\/wp-content\/uploads\/2022\/07\/Teasereng-20220713-093137-1200x250.png 1200w\" sizes=\"(max-width: 1920px) 100vw, 1920px\" \/><\/figure>\n\n\n\n<figure class=\"wp-block-image alignfull size-full wegdes\"><img loading=\"lazy\" width=\"375\" height=\"245\" src=\"https:\/\/philaexpertise.de\/wp-content\/uploads\/2022\/07\/Teaser3m.png\" alt=\"sammlershop24 briefmarken m\u00fcnzen\" class=\"wp-image-937\" srcset=\"https:\/\/philaexpertise.de\/wp-content\/uploads\/2022\/07\/Teaser3m.png 375w, https:\/\/philaexpertise.de\/wp-content\/uploads\/2022\/07\/Teaser3m-300x196.png 300w\" sizes=\"(max-width: 375px) 100vw, 375px\" \/><\/figure>\n\n\n\n<h2 class=\"has-text-align-center\">Collector shop<\/h2>\n\n\n\n<div class=\"wp-container-5 wp-block-columns\">\n<div class=\"wp-container-1 wp-block-column\"><\/div>\n\n\n\n<div class=\"wp-container-3 wp-block-column\" style=\"flex-basis:75%\">\n<p class=\"helvetica justin has-small-font-size\">HBA Hanseatische Briefmarkenauktionen oHG, Gebr\u00fcder Ehrengut, was founded in 1983 by Hubert and Thomas Ehrengut as a family business and is today one of the most important companies in the stamp and coin industry in Europe and is the leading stamp auction house in Northern Germany, conducting auctions at the major auction site in Hamburg with international clientele.&nbsp;<\/p>\n\n\n\n<p class=\"helvetica justin has-small-font-size\">Since 1992, the HBA Group has been complemented by the HBA Handelsgesellschaft mbH. Through the foundation of Sammlershop24 in 2004, it is possible for our customers to purchase a large and constantly growing range of philately, numismatics, notaphily and much more online. Mint postage stamps.<\/p>\n\n\n\n<div style=\"height:50px\" aria-hidden=\"true\" class=\"wp-block-spacer\"><\/div>\n\n\n\n<div class=\"wp-container-2 wp-block-buttons\">\n<div class=\"wp-block-button aligncenter\"><a class=\"wp-block-button__link\" href=\"https:\/\/sammlershop24.de\" target=\"_blank\" rel=\"noreferrer noopener\">Visit the collectors store now<\/a><\/div>\n<\/div>\n<\/div>\n\n\n\n<div class=\"wp-container-4 wp-block-column\"><\/div>\n<\/div>\n\n\n\n<div style=\"height:25px\" aria-hidden=\"true\" class=\"wp-block-spacer\"><\/div>\n\n\n\n<h3 class=\"has-text-align-center\">Your online store for stamps and coins<\/h3>\n\n\n\n<p class=\"has-text-align-center helvetica pkein has-small-font-size\">A small selection of our product range<\/p>\n\n\n\n<div class=\"wp-container-10 wp-block-columns alignwide\">\n<div class=\"wp-container-6 wp-block-column\"><div class=\"wp-block-image\">\n<figure class=\"aligncenter size-large\"><img loading=\"lazy\" width=\"1024\" height=\"1024\" src=\"https:\/\/philaexpertise.de\/wp-content\/uploads\/2022\/07\/auktion11-1024x1024.png\" alt=\"hannover bronzemedaille\" class=\"wp-image-946\" srcset=\"https:\/\/philaexpertise.de\/wp-content\/uploads\/2022\/07\/auktion11-1024x1024.png 1024w, https:\/\/philaexpertise.de\/wp-content\/uploads\/2022\/07\/auktion11-300x300.png 300w, https:\/\/philaexpertise.de\/wp-content\/uploads\/2022\/07\/auktion11-150x150.png 150w, https:\/\/philaexpertise.de\/wp-content\/uploads\/2022\/07\/auktion11-768x768.png 768w, https:\/\/philaexpertise.de\/wp-content\/uploads\/2022\/07\/auktion11-1536x1536.png 1536w, https:\/\/philaexpertise.de\/wp-content\/uploads\/2022\/07\/auktion11-1200x1200.png 1200w, https:\/\/philaexpertise.de\/wp-content\/uploads\/2022\/07\/auktion11.png 1920w\" sizes=\"(max-width: 1024px) 100vw, 1024px\" \/><figcaption><a href=\"https:\/\/sammlershop24.de\/de_DE\/produkte\/hannover-herrliche-bronzemedaille-1861\/QLN4963\" target=\"_blank\" rel=\"noreferrer noopener\">Hanover, bronze medal 1861<\/a><\/figcaption><\/figure><\/div><\/div>\n\n\n\n<div class=\"wp-container-7 wp-block-column\"><div class=\"wp-block-image\">\n<figure class=\"aligncenter size-large\"><img loading=\"lazy\" width=\"1024\" height=\"1024\" src=\"https:\/\/philaexpertise.de\/wp-content\/uploads\/2022\/07\/auktion12-1024x1024.png\" alt=\"briefmarke alliierte besatzung\" class=\"wp-image-947\" srcset=\"https:\/\/philaexpertise.de\/wp-content\/uploads\/2022\/07\/auktion12-1024x1024.png 1024w, https:\/\/philaexpertise.de\/wp-content\/uploads\/2022\/07\/auktion12-300x300.png 300w, https:\/\/philaexpertise.de\/wp-content\/uploads\/2022\/07\/auktion12-150x150.png 150w, https:\/\/philaexpertise.de\/wp-content\/uploads\/2022\/07\/auktion12-768x768.png 768w, https:\/\/philaexpertise.de\/wp-content\/uploads\/2022\/07\/auktion12-1536x1536.png 1536w, https:\/\/philaexpertise.de\/wp-content\/uploads\/2022\/07\/auktion12-1200x1200.png 1200w, https:\/\/philaexpertise.de\/wp-content\/uploads\/2022\/07\/auktion12.png 1920w\" sizes=\"(max-width: 1024px) 100vw, 1024px\" \/><figcaption><a href=\"https:\/\/sammlershop24.de\/de_DE\/produkte\/all-bes-1946-minr-916-b\/IGE1944\" target=\"_blank\" rel=\"noreferrer noopener\">Allied occupation 1946 MiNo. 916 b<\/a><\/figcaption><\/figure><\/div><\/div>\n\n\n\n<div class=\"wp-container-8 wp-block-column\"><div class=\"wp-block-image\">\n<figure class=\"aligncenter size-large\"><img loading=\"lazy\" width=\"1024\" height=\"1024\" src=\"https:\/\/philaexpertise.de\/wp-content\/uploads\/2022\/07\/auktion14-1024x1024.png\" alt=\"m\u00fcnzen bundesrepublik deutschland\" class=\"wp-image-949\" srcset=\"https:\/\/philaexpertise.de\/wp-content\/uploads\/2022\/07\/auktion14-1024x1024.png 1024w, https:\/\/philaexpertise.de\/wp-content\/uploads\/2022\/07\/auktion14-300x300.png 300w, https:\/\/philaexpertise.de\/wp-content\/uploads\/2022\/07\/auktion14-150x150.png 150w, https:\/\/philaexpertise.de\/wp-content\/uploads\/2022\/07\/auktion14-768x768.png 768w, https:\/\/philaexpertise.de\/wp-content\/uploads\/2022\/07\/auktion14-1536x1536.png 1536w, https:\/\/philaexpertise.de\/wp-content\/uploads\/2022\/07\/auktion14-1200x1200.png 1200w, https:\/\/philaexpertise.de\/wp-content\/uploads\/2022\/07\/auktion14.png 1920w\" sizes=\"(max-width: 1024px) 100vw, 1024px\" \/><figcaption><a href=\"https:\/\/sammlershop24.de\/de_DE\/produkte\/brd-2002-2015-komplette-sammlung-76-x-10-euro-silber-gedenkmuenzen-in-pp\/UBV4881\" target=\"_blank\" rel=\"noreferrer noopener\">FRG 76 x 10 Euro silver commemorative coins<\/a><\/figcaption><\/figure><\/div><\/div>\n\n\n\n<div class=\"wp-container-9 wp-block-column\"><div class=\"wp-block-image\">\n<figure class=\"aligncenter size-large\"><img loading=\"lazy\" width=\"1024\" height=\"1024\" src=\"https:\/\/philaexpertise.de\/wp-content\/uploads\/2022\/07\/auktion13-1024x1024.png\" alt=\"philatelie schweiz\" class=\"wp-image-950\" srcset=\"https:\/\/philaexpertise.de\/wp-content\/uploads\/2022\/07\/auktion13-1024x1024.png 1024w, https:\/\/philaexpertise.de\/wp-content\/uploads\/2022\/07\/auktion13-300x300.png 300w, https:\/\/philaexpertise.de\/wp-content\/uploads\/2022\/07\/auktion13-150x150.png 150w, https:\/\/philaexpertise.de\/wp-content\/uploads\/2022\/07\/auktion13-768x768.png 768w, https:\/\/philaexpertise.de\/wp-content\/uploads\/2022\/07\/auktion13-1536x1536.png 1536w, https:\/\/philaexpertise.de\/wp-content\/uploads\/2022\/07\/auktion13-1200x1200.png 1200w, https:\/\/philaexpertise.de\/wp-content\/uploads\/2022\/07\/auktion13.png 1920w\" sizes=\"(max-width: 1024px) 100vw, 1024px\" \/><figcaption><a href=\"https:\/\/sammlershop24.de\/de_DE\/produkte\/schweiz-1907-minr-80-d\/10706\" target=\"_blank\" rel=\"noreferrer noopener\">Switzerland 1907 MiNo. 80 D<\/a><\/figcaption><\/figure><\/div><\/div>\n<\/div>","protected":false},"excerpt":{"rendered":"<p>Sammlershop Die HBA Hanseatische Briefmarkenauktionen oHG, Gebr\u00fcder Ehrengut, wurde 1983 von Hubert und Thomas Ehrengut als Familienunternehmen gegr\u00fcndet und z\u00e4hlt heute zu den bedeutendsten Unternehmen der Briefmarken- und M\u00fcnzbranche in Europa und ist das f\u00fchrende Briefmarkenauktionshaus Norddeutschlands, welches Versteigerungen auf dem gro\u00dfen Auktionsplatz Hamburg mit internationaler Klientel durchf\u00fchrt.&nbsp; Seit 1992 wird die HBA-Gruppe durch die [&hellip;]<\/p>","protected":false},"author":1,"featured_media":0,"parent":0,"menu_order":0,"comment_status":"closed","ping_status":"closed","template":"templates\/template-full-width.php","meta":[],"_links":{"self":[{"href":"https:\/\/philaexpertise.de\/en\/wp-json\/wp\/v2\/pages\/202"}],"collection":[{"href":"https:\/\/philaexpertise.de\/en\/wp-json\/wp\/v2\/pages"}],"about":[{"href":"https:\/\/philaexpertise.de\/en\/wp-json\/wp\/v2\/types\/page"}],"author":[{"embeddable":true,"href":"https:\/\/philaexpertise.de\/en\/wp-json\/wp\/v2\/users\/1"}],"replies":[{"embeddable":true,"href":"https:\/\/philaexpertise.de\/en\/wp-json\/wp\/v2\/comments?post=202"}],"version-history":[{"count":38,"href":"https:\/\/philaexpertise.de\/en\/wp-json\/wp\/v2\/pages\/202\/revisions"}],"predecessor-version":[{"id":1028,"href":"https:\/\/philaexpertise.de\/en\/wp-json\/wp\/v2\/pages\/202\/revisions\/1028"}],"wp:attachment":[{"href":"https:\/\/philaexpertise.de\/en\/wp-json\/wp\/v2\/media?parent=202"}],"curies":[{"name":"wp","href":"https:\/\/api.w.org\/{rel}","templated":true}]}}