{"id":850,"date":"2022-07-01T13:42:47","date_gmt":"2022-07-01T11:42:47","guid":{"rendered":"https:\/\/philaexpertise.de\/?page_id=850"},"modified":"2022-07-13T11:09:46","modified_gmt":"2022-07-13T09:09:46","slug":"auktion","status":"publish","type":"page","link":"https:\/\/philaexpertise.de\/en\/auktion\/","title":{"rendered":"Auction"},"content":{"rendered":"<figure class=\"wp-block-image alignfull size-full wegmo\"><img loading=\"lazy\" width=\"1920\" height=\"400\" src=\"https:\/\/philaexpertise.de\/wp-content\/uploads\/2022\/07\/auktion9.png\" alt=\"auktion hba\" class=\"wp-image-923\" srcset=\"https:\/\/philaexpertise.de\/wp-content\/uploads\/2022\/07\/auktion9.png 1920w, https:\/\/philaexpertise.de\/wp-content\/uploads\/2022\/07\/auktion9-300x63.png 300w, https:\/\/philaexpertise.de\/wp-content\/uploads\/2022\/07\/auktion9-1024x213.png 1024w, https:\/\/philaexpertise.de\/wp-content\/uploads\/2022\/07\/auktion9-768x160.png 768w, https:\/\/philaexpertise.de\/wp-content\/uploads\/2022\/07\/auktion9-1536x320.png 1536w, https:\/\/philaexpertise.de\/wp-content\/uploads\/2022\/07\/auktion9-1200x250.png 1200w\" sizes=\"(max-width: 1920px) 100vw, 1920px\" \/><\/figure>\n\n\n\n<figure class=\"wp-block-image alignfull size-full wegdes\"><img loading=\"lazy\" width=\"375\" height=\"245\" src=\"https:\/\/philaexpertise.de\/wp-content\/uploads\/2022\/07\/auktion10.png\" alt=\"auktion hba\" class=\"wp-image-940\" srcset=\"https:\/\/philaexpertise.de\/wp-content\/uploads\/2022\/07\/auktion10.png 375w, https:\/\/philaexpertise.de\/wp-content\/uploads\/2022\/07\/auktion10-300x196.png 300w\" sizes=\"(max-width: 375px) 100vw, 375px\" \/><\/figure>\n\n\n\n<h1 class=\"has-text-align-center\" style=\"font-size: 4rem\">Auction<\/h1>\n\n\n\n<div class=\"wp-container-4 wp-block-columns\">\n<div class=\"wp-container-1 wp-block-column\"><\/div>\n\n\n\n<div class=\"wp-container-2 wp-block-column\" style=\"flex-basis:75%\">\n<p class=\"helvetica has-small-font-size\"><strong>Are you considering selling your collection or parts of it?<\/strong><br><br><strong>Have you inherited a collection and are looking for a suitable partner to sell it?<\/strong><br><br><strong>Would you like to convey a collection from your circle of acquaintances or friends?<\/strong><br><br><strong>Would you like a non-binding sales meeting?<\/strong><\/p>\n\n\n\n<hr class=\"wp-block-separator has-alpha-channel-opacity\"\/>\n\n\n\n<p class=\"helvetica has-small-font-size\"><strong>For all your questions we have an answer!<\/strong><\/p>\n\n\n\n<p class=\"helvetica has-small-font-size\">You would like to consign to one of our auctions or prefer to sell your collection directly to us? The HBA is in any case your right partner.<br><br>Since 1983 we stand for quality, seriousness and authenticity worldwide.<br><br>Due to their wide range from collections to large estates, our auctions are in great demand and much visited.<br><br>Due to our high sales rate of usually over 90%, there is a very high chance of selling your collection.<br><br>If you prefer to consider a direct sale, we will be happy to assist you with our expertise and advise you.<br><\/p>\n\n\n\n<hr class=\"wp-block-separator has-alpha-channel-opacity\"\/>\n\n\n\n<p class=\"helvetica has-small-font-size\"><strong>Have we aroused your interest?<\/strong><br><br>In our&nbsp;<a rel=\"noreferrer noopener\" href=\"https:\/\/www.hba.de\/de\/sie-moechten-verkaufen\/#leitfaden1\" target=\"_blank\">guide<\/a>&nbsp;on HBA.de you will find all information about consign goods to our auction or direct sale<br><\/p>\n\n\n\n<p class=\"helvetica has-small-font-size\"><br><strong>Do you have any further questions?<\/strong><br><br>You can find our contact options here:&nbsp;<a href=\"https:\/\/philaexpertise.de\/en\/kontakt\/\" target=\"_blank\" rel=\"noreferrer noopener\">Contact!<\/a><\/p>\n<\/div>\n\n\n\n<div class=\"wp-container-3 wp-block-column\"><\/div>\n<\/div>","protected":false},"excerpt":{"rendered":"<p>Auktion Tragen Sie sich mit dem Gedanken, Ihre Sammlung oder Teile davon zu verkaufen? Haben Sie eine Sammlung geerbt und suchen einen geeigneten Partner f\u00fcr die Verwertung? M\u00f6chten Sie eine Sammlung aus Ihrem Bekannten- oder Freundeskreis vermitteln? W\u00fcnschen Sie ein unverbindliches Verkaufsgespr\u00e4ch? F\u00fcr all Ihre Fragen haben wir eine Antwort! Sie m\u00f6chten zu einer unserer [&hellip;]<\/p>","protected":false},"author":1,"featured_media":0,"parent":0,"menu_order":0,"comment_status":"closed","ping_status":"closed","template":"templates\/template-full-width.php","meta":[],"_links":{"self":[{"href":"https:\/\/philaexpertise.de\/en\/wp-json\/wp\/v2\/pages\/850"}],"collection":[{"href":"https:\/\/philaexpertise.de\/en\/wp-json\/wp\/v2\/pages"}],"about":[{"href":"https:\/\/philaexpertise.de\/en\/wp-json\/wp\/v2\/types\/page"}],"author":[{"embeddable":true,"href":"https:\/\/philaexpertise.de\/en\/wp-json\/wp\/v2\/users\/1"}],"replies":[{"embeddable":true,"href":"https:\/\/philaexpertise.de\/en\/wp-json\/wp\/v2\/comments?post=850"}],"version-history":[{"count":19,"href":"https:\/\/philaexpertise.de\/en\/wp-json\/wp\/v2\/pages\/850\/revisions"}],"predecessor-version":[{"id":1021,"href":"https:\/\/philaexpertise.de\/en\/wp-json\/wp\/v2\/pages\/850\/revisions\/1021"}],"wp:attachment":[{"href":"https:\/\/philaexpertise.de\/en\/wp-json\/wp\/v2\/media?parent=850"}],"curies":[{"name":"wp","href":"https:\/\/api.w.org\/{rel}","templated":true}]}}